{"id":1941,"date":"2023-08-28T09:04:04","date_gmt":"2023-08-28T09:04:04","guid":{"rendered":"https:\/\/luan.webrt.net\/thanglongacademy\/?page_id=1941"},"modified":"2024-04-11T04:01:40","modified_gmt":"2024-04-11T04:01:40","slug":"chuong-trinh-quoc-te","status":"publish","type":"page","link":"https:\/\/thanglongacademy.edu.vn\/?page_id=1941","title":{"rendered":"Ch\u01b0\u01a1ng tr\u00ecnh Qu\u1ed1c t\u1ebf"},"content":{"rendered":"\t<section class=\"section cn_01\" id=\"section_1480211857\">\n\t\t<div class=\"bg section-bg fill bg-fill  bg-loaded\" >\n\n\t\t\t\n\t\t\t\n\t\t\t\n\n\t\t<\/div>\n\n\t\t\n\n\t\t<div class=\"section-content relative\">\n\t\t\t\n<div class=\"row row-small\"  id=\"row-1066816447\">\n\n\t<div id=\"col-2137207358\" class=\"col medium-9 small-12 large-9\"  >\n\t\t\t\t<div class=\"col-inner\"  >\n\t\t\t\n\t\t\t\n<div class=\"box__nth_1\">\n<p><span style=\"font-size: 19px;font-family: arial, helvetica, sans-serif\"><strong>T\u1ed5ng quan v\u1ec1 Ch\u01b0\u01a1ng tr\u00ecnh Qu\u1ed1c t\u1ebf<\/strong><\/span><\/p>\n<p><span style=\"font-family: arial, helvetica, sans-serif\"><strong>Tr\u01b0\u1eddng Th\u0103ng Long Academy( TLA) \u0111em \u0111\u1ebfn cho h\u1ecdc sinh m\u1ed9t ch\u01b0\u01a1ng tr\u00ecnh gi\u00e1o d\u1ee5c \u0111\u1ed9c \u0111\u00e1o, \u0111\u1ea7y th\u1eed th\u00e1ch v\u00e0 mang t\u00ednh \u0111a d\u1ea1ng.<\/strong><\/span><\/p>\n<p><span style=\"font-family: arial, helvetica, sans-serif\"><strong>Ch\u01b0\u01a1ng tr\u00ecnh Qu\u1ed1c t\u1ebf\u00a0 b\u1eaft \u0111\u1ea7u t\u1eeb l\u1ee9a tu\u1ed5i M\u1eabu gi\u00e1o nh\u1ee1 t\u1edbi M\u1eabu gi\u00e1o l\u1edbn v\u00e0 \u0111\u01b0\u1ee3c gi\u1ea3ng d\u1ea1y b\u1edfi\u00a0 gi\u00e1o vi\u00ean qu\u1ed1c t\u1ebf c\u00f3 tr\u00ecnh \u0111\u1ed9 chuy\u00ean m\u00f4n v\u00e0 m\u1ed9t gi\u00e1o vi\u00ean tr\u1ee3 gi\u1ea3ng Vi\u1ec7t Nam. Ph\u01b0\u01a1ng ph\u00e1p h\u1ecdc t\u1eadp truy v\u1ea5n \u0111\u1ea3m b\u1ea3o h\u1ecdc sinh c\u1ee7a ch\u00fang t\u00f4i s\u1eb5n s\u00e0ng cho n\u0103m h\u1ecdc ti\u1ebfp theo v\u00e0 cho qu\u00e1 tr\u00ecnh h\u1ecdc t\u1eadp su\u1ed1t \u0111\u1eddi.<\/strong><\/span><\/p>\n<p><span style=\"font-size: 14px;font-family: arial, helvetica, sans-serif\"><em>Thang Long Academy offers a unique, challenging, and diverse education.<\/em><\/span><\/p>\n<p><span style=\"font-size: 14px;font-family: arial, helvetica, sans-serif\"><em>Our Pre-school International program starts from K2 class up to Prep and is led by by an International teacher with the asistance of a Vietnamese teacher. Enquiry-based education is incorporated to ensure our students are ready for their next level and longlife learning.<\/em><\/span><\/p>\n<p>&nbsp;<\/p>\n<p><span style=\"font-family: arial, helvetica, sans-serif\"><img decoding=\"async\" loading=\"lazy\" class=\"wp-image-2105 aligncenter\" src=\"https:\/\/thanglongacademy.edu.vn\/wp-content\/uploads\/2023\/09\/DSCF0848-600x400.jpg\" alt=\"\" width=\"971\" height=\"647\" srcset=\"https:\/\/thanglongacademy.edu.vn\/wp-content\/uploads\/2023\/09\/DSCF0848-600x400.jpg 600w, https:\/\/thanglongacademy.edu.vn\/wp-content\/uploads\/2023\/09\/DSCF0848-768x512.jpg 768w, https:\/\/thanglongacademy.edu.vn\/wp-content\/uploads\/2023\/09\/DSCF0848.jpg 1080w\" sizes=\"(max-width: 971px) 100vw, 971px\" \/><\/span><\/p>\n<\/div>\n<div class=\"boxx__content__single\">\n<div class=\"box__nth_2\">\n<p><span style=\"font-family: arial, helvetica, sans-serif\"><strong>Ch\u01b0\u01a1ng tr\u00ecnh Qu\u1ed1c t\u1ebf mang \u0111\u1ebfn cho h\u1ecdc sinh nh\u1eefng l\u1ee3i th\u1ebf kh\u00e1c bi\u1ec7t b\u1eb1ng c\u00e1ch x\u00e2y d\u1ef1ng k\u1ef9 n\u0103ng t\u01b0 duy ph\u1ea3n bi\u1ec7n, nu\u00f4i d\u01b0\u1ee1ng t\u00ednh hi\u1ebfu k\u1ef3, y\u00eau kh\u00e1m ph\u00e1 v\u00e0 kh\u1ea3 n\u0103ng gi\u1ea3i quy\u1ebft c\u00e1c v\u1ea5n \u0111\u1ec1 v\u00e0 mang \u0111\u1ebfn nh\u1eefng tr\u1ea3i nghi\u1ec7m h\u1ecdc t\u1eadp to\u00e0n di\u1ec7n v\u00e0 t\u00f4n tr\u1ecdng s\u1ef1 \u0111a d\u1ea1ng.<\/strong><\/span><\/p>\n<h1><span style=\"font-family: arial, helvetica, sans-serif;font-size: 14px\"><em>International program gives students distinct advantages by building their critical thinking skills, nurturing their curiosity, and their ability to solve problems and provide inclusive learning experiences, with a respect in diversity.<\/em><\/span><\/h1>\n<p>&nbsp;<\/p>\n<p><span style=\"font-family: arial, helvetica, sans-serif\"><img decoding=\"async\" loading=\"lazy\" class=\"wp-image-2106 aligncenter\" src=\"https:\/\/thanglongacademy.edu.vn\/wp-content\/uploads\/2023\/09\/DSCF0715-600x400.jpg\" alt=\"\" width=\"968\" height=\"645\" srcset=\"https:\/\/thanglongacademy.edu.vn\/wp-content\/uploads\/2023\/09\/DSCF0715-600x400.jpg 600w, https:\/\/thanglongacademy.edu.vn\/wp-content\/uploads\/2023\/09\/DSCF0715-768x512.jpg 768w, https:\/\/thanglongacademy.edu.vn\/wp-content\/uploads\/2023\/09\/DSCF0715.jpg 1080w\" sizes=\"(max-width: 968px) 100vw, 968px\" \/><\/span><\/p>\n<p><span style=\"font-family: arial, helvetica, sans-serif\"><strong>H\u1ecdc sinh tr\u01b0\u1eddng Thang Long Academy:<\/strong><\/span><\/p>\n<ul>\n<li><span style=\"font-family: arial, helvetica, sans-serif\"><strong>\u0110\u01b0\u1ee3c khuy\u1ebfn kh\u00edch t\u01b0 duy ph\u1ea3n bi\u1ec7n v\u00e0 gi\u1ea3i quy\u1ebft c\u00e1c v\u1ea5n \u0111\u1ec1, \u0111\u1ed3ng th\u1eddi kh\u00e1m ph\u00e1 ph\u01b0\u01a1ng ph\u00e1p h\u1ecdc t\u1eadp c\u1ee7a ri\u00eang m\u00ecnh<\/strong><\/span><\/li>\n<li><span style=\"font-family: arial, helvetica, sans-serif\"><strong>\u0110\u01b0\u1ee3c ph\u00e1t tri\u1ec3n nh\u1eadn th\u1ee9c v\u1ec1 v\u0103n h\u00f3a, th\u00f4ng qua vi\u1ec7c ph\u00e1t tri\u1ec3n m\u1ed9t ng\u00f4n ng\u1eef th\u1ee9 hai<\/strong><\/span><\/li>\n<li><span style=\"font-family: arial, helvetica, sans-serif\"><strong>\u0110\u01b0\u1ee3c ph\u00e1t tri\u1ec3n n\u0103ng l\u1ef1c t\u01b0\u01a1ng t\u00e1c v\u1edbi nh\u1eefng con ng\u01b0\u1eddi trong m\u1ed9t th\u1ebf gi\u1edbi \u0111ang thay \u0111\u1ed5i nhanh ch\u00f3ng &#8211; m\u1ed9t th\u1ebf gi\u1edbi ng\u00e0y c\u00e0ng to\u00e0n c\u1ea7u h\u00f3a<\/strong><\/span><\/li>\n<li><span style=\"font-family: arial, helvetica, sans-serif\"><strong>Ph\u00e1t tri\u1ec3n to\u00e0n di\u1ec7n c\u1ea3 v\u1ec1 n\u0103ng l\u1ef1c h\u1ecdc thu\u1eadt, x\u00e3 h\u1ed9i v\u00e0 c\u1ea3m x\u00fac.<\/strong><\/span><\/li>\n<li><span style=\"font-family: arial, helvetica, sans-serif\"><strong>\u0110\u01b0\u1ee3c ph\u00e1t tri\u1ec3n nh\u1eadn th\u1ee9c qu\u1ed1c t\u1ebf v\u00e0 tr\u1edf n\u00ean ti\u1ebfn b\u1ed9 h\u01a1n th\u00f4ng qua s\u1ef1 h\u1ee3p t\u00e1c, t\u01b0 duy ph\u1ea3n \u00a0\u00a0bi\u1ec7n v\u00e0 l\u00f2ng y\u00eau th\u00edch kh\u00e1m ph\u00e1. S\u1ef1 kh\u00e1m ph\u00e1 gi\u00fap c\u00e1c em hi\u1ec3u \u0111\u01b0\u1ee3c m\u1ed1i li\u00ean h\u1ec7 gi\u1eefa c\u00e1c kh\u00e1i ni\u1ec7m v\u00e0 thu nh\u1eadn ki\u1ebfn th\u1ee9c s\u00e2u s\u1eafc h\u01a1n.<\/strong><\/span><\/li>\n<\/ul>\n<\/div>\n<\/div>\n<p><span style=\"font-size: 14px;font-family: arial, helvetica, sans-serif\"><em>Thang Long Academy learners:<\/em><\/span><\/p>\n<ul>\n<li><span style=\"font-size: 14px;font-family: arial, helvetica, sans-serif\"><em>Are encouraged to think critically, solve problems, and explore their own learning style<\/em><\/span><\/li>\n<li><span style=\"font-size: 14px;font-family: arial, helvetica, sans-serif\"><em>Are more culturally aware, through the development of a second language<\/em><\/span><\/li>\n<li><span style=\"font-size: 14px;font-family: arial, helvetica, sans-serif\"><em>Are able to engage with people in an increasingly globalized, rapidly changing world.<\/em><\/span><\/li>\n<li><span style=\"font-size: 14px;font-family: arial, helvetica, sans-serif\"><em>Develop strong academic, social, and emotional characteristics<\/em><\/span><\/li>\n<li><span style=\"font-size: 14px;font-family: arial, helvetica, sans-serif\"><em>Learn to be internationally-minded and progress through collaboration, critical thinking, and inquiry. Exploration ensures that connections are made and deeper knowledge is gained.<\/em><\/span><\/li>\n<\/ul>\n<p>&nbsp;<\/p>\n<p><span style=\"font-family: arial, helvetica, sans-serif\"><strong>Nh\u00e0 tr\u01b0\u1eddng hi\u1ec3u r\u1eb1ng s\u1ef1 li\u00ean l\u1ea1c gi\u1eefa gi\u00e1o vi\u00ean v\u00e0 ph\u1ee5 huynh l\u00e0 v\u00f4 c\u00f9ng c\u1ea7n thi\u1ebft, \u0111\u1eb7c bi\u1ec7t trong th\u1eddi gian tr\u1ebb t\u1edbi tr\u01b0\u1eddng. Cha m\u1eb9 v\u00e0 th\u1ea7y c\u00f4 \u0111\u1ec1u \u0111\u00f3ng m\u1ed9t vai tr\u00f2 quan tr\u1ecdng s\u1ef1 ph\u00e1t tri\u1ec3n v\u1ec1 m\u1eb7t x\u00e3 h\u1ed9i, c\u1ea3m x\u00fac v\u00e0 nh\u1eadn th\u1ee9c c\u1ee7a tr\u1ebb. S\u1ef1 giao ti\u1ebfp th\u00f4ng su\u1ed1t v\u00e0 ph\u1ea3n h\u1ed3i li\u00ean t\u1ee5c s\u1ebd t\u1ea1o n\u1ec1n t\u1ea3ng cho s\u1ef1 ph\u00e1t tri\u1ec3n v\u00e0 tr\u1ea3i nghi\u1ec7m ri\u00eang bi\u1ec7t cho m\u1ed7i tr\u1ebb. T\u1ea1i tr\u01b0\u1eddng Thang Long Academy ch\u00fang t\u00f4i s\u1ebd s\u1eed d\u1ee5ng \u1ee9ng d\u1ee5ng LittleLives v\u00e0 t\u1ed5 ch\u1ee9c c\u00e1c cu\u1ed9c h\u1ecdp ph\u1ee5 huynh \u0111\u1ec3 \u0111\u1ea3m b\u1ea3o th\u00f4ng tin li\u00ean l\u1ea1c li\u00ean t\u1ee5c \u0111\u1ebfn gia \u0111\u00ecnh<\/strong><\/span><\/p>\n<p><span style=\"font-size: 14px;font-family: arial, helvetica, sans-serif\"><em>We see communication between teachers and parents as crucial as their journey takes on a more formal nature in school. Parents and teachers play an important role in a child\u2019s social, emotional, and cognitive development. Ongoing communication and constant feedback set the basis for each child\u2019s own unique experiences and growth. At Thang long Academy we will use LittleLives and parent\u2019s meetings to ensure constant communication to parents.<\/em><\/span><\/p>\n<p>&nbsp;<\/p>\n<p>&nbsp;<\/p>\n\t\t<\/div>\n\t\t\t\t\t<\/div>\n\n\t\n\n\t<div id=\"col-1774482495\" class=\"col medium-3 small-12 large-3\"  >\n\t\t\t\t<div class=\"col-inner\"  >\n\t\t\t\n\t\t\t\n<ul class=\"sidebar-wrapper ul-reset\"><li id=\"nav_menu-7\" class=\"widget widget_nav_menu\"><h2 class=\"widgettitle\">Ch\u01b0\u01a1ng tr\u00ecnh gi\u1ea3ng d\u1ea1y<\/h2>\n<div class=\"menu-chuong-trinh-giang-day-container\"><ul id=\"menu-chuong-trinh-giang-day\" class=\"menu\"><li id=\"menu-item-1956\" class=\"menu-item menu-item-type-post_type menu-item-object-page menu-item-1956\"><a href=\"https:\/\/thanglongacademy.edu.vn\/?page_id=1931\">Con \u0111\u01b0\u1eddng h\u1ecdc v\u1ea5n<\/a><\/li>\n<li id=\"menu-item-1945\" class=\"menu-item menu-item-type-post_type menu-item-object-page menu-item-1945\"><a href=\"https:\/\/thanglongacademy.edu.vn\/?page_id=1938\">CT song ng\u1eef<\/a><\/li>\n<li id=\"menu-item-1944\" class=\"menu-item menu-item-type-post_type menu-item-object-page menu-item-1944\"><a href=\"https:\/\/thanglongacademy.edu.vn\/?page_id=1941\">Ch\u01b0\u01a1ng tr\u00ecnh Qu\u1ed1c t\u1ebf<\/a><\/li>\n<li id=\"menu-item-1963\" class=\"menu-item menu-item-type-post_type menu-item-object-page menu-item-1963\"><a href=\"https:\/\/thanglongacademy.edu.vn\/?page_id=1960\">CT Infant care<\/a><\/li>\n<li id=\"menu-item-1964\" class=\"menu-item menu-item-type-post_type menu-item-object-page menu-item-1964\"><a href=\"https:\/\/thanglongacademy.edu.vn\/?page_id=1957\">1 ng\u00e0y \u1edf TLA<\/a><\/li>\n<\/ul><\/div><\/li><\/ul>\n\t\t<\/div>\n\t\t\t\t\t<\/div>\n\n\t\n<\/div>\n\t\t<\/div>\n\n\t\t\n<style>\n#section_1480211857 {\n  padding-top: 30px;\n  padding-bottom: 30px;\n}\n#section_1480211857 .ux-shape-divider--top svg {\n  height: 150px;\n  --divider-top-width: 100%;\n}\n#section_1480211857 .ux-shape-divider--bottom svg {\n  height: 150px;\n  --divider-width: 100%;\n}\n<\/style>\n\t<\/section>\n\t\n","protected":false},"excerpt":{"rendered":"","protected":false},"author":1,"featured_media":0,"parent":0,"menu_order":0,"comment_status":"closed","ping_status":"closed","template":"page-blank.php","meta":{"footnotes":""},"yoast_head":"<!-- This site is optimized with the Yoast SEO plugin v21.2 - https:\/\/yoast.com\/wordpress\/plugins\/seo\/ -->\n<title>thanglongacademy<\/title>\n<meta name=\"description\" content=\"Ch\u01b0\u01a1ng tr\u00ecnh Qu\u1ed1c t\u1ebf\u00a0 b\u1eaft \u0111\u1ea7u t\u1eeb l\u1ee9a tu\u1ed5i M\u1eabu gi\u00e1o nh\u1ee1 t\u1edbi M\u1eabu gi\u00e1o l\u1edbn v\u00e0 \u0111\u01b0\u1ee3c gi\u1ea3ng d\u1ea1y b\u1edfi\u00a0 gi\u00e1o vi\u00ean qu\u1ed1c t\u1ebf c\u00f3 tr\u00ecnh \u0111\u1ed9 chuy\u00ean m\u00f4n v\u00e0 m\u1ed9t gi\u00e1o vi\u00ean tr\u1ee3 gi\u1ea3ng\" \/>\n<meta name=\"robots\" content=\"index, follow, max-snippet:-1, max-image-preview:large, max-video-preview:-1\" \/>\n<link rel=\"canonical\" href=\"https:\/\/thanglongacademy.edu.vn\/?page_id=1941\" \/>\n<meta property=\"og:locale\" content=\"vi_VN\" \/>\n<meta property=\"og:type\" content=\"article\" \/>\n<meta property=\"og:title\" content=\"thanglongacademy\" \/>\n<meta property=\"og:description\" content=\"Ch\u01b0\u01a1ng tr\u00ecnh Qu\u1ed1c t\u1ebf\u00a0 b\u1eaft \u0111\u1ea7u t\u1eeb l\u1ee9a tu\u1ed5i M\u1eabu gi\u00e1o nh\u1ee1 t\u1edbi M\u1eabu gi\u00e1o l\u1edbn v\u00e0 \u0111\u01b0\u1ee3c gi\u1ea3ng d\u1ea1y b\u1edfi\u00a0 gi\u00e1o vi\u00ean qu\u1ed1c t\u1ebf c\u00f3 tr\u00ecnh \u0111\u1ed9 chuy\u00ean m\u00f4n v\u00e0 m\u1ed9t gi\u00e1o vi\u00ean tr\u1ee3 gi\u1ea3ng\" \/>\n<meta property=\"og:url\" content=\"https:\/\/thanglongacademy.edu.vn\/?page_id=1941\" \/>\n<meta property=\"og:site_name\" content=\"thanglongacademy\" \/>\n<meta property=\"article:modified_time\" content=\"2024-04-11T04:01:40+00:00\" \/>\n<meta property=\"og:image\" content=\"https:\/\/thanglongacademy.edu.vn\/wp-content\/uploads\/2023\/09\/DSCF0848-600x400.jpg\" \/>\n<meta name=\"twitter:card\" content=\"summary_large_image\" \/>\n<meta name=\"twitter:label1\" content=\"\u01af\u1edbc t\u00ednh th\u1eddi gian \u0111\u1ecdc\" \/>\n\t<meta name=\"twitter:data1\" content=\"4 ph\u00fat\" \/>\n<script type=\"application\/ld+json\" class=\"yoast-schema-graph\">{\"@context\":\"https:\/\/schema.org\",\"@graph\":[{\"@type\":\"WebPage\",\"@id\":\"https:\/\/thanglongacademy.edu.vn\/?page_id=1941\",\"url\":\"https:\/\/thanglongacademy.edu.vn\/?page_id=1941\",\"name\":\"thanglongacademy\",\"isPartOf\":{\"@id\":\"https:\/\/thanglongacademy.edu.vn\/#website\"},\"datePublished\":\"2023-08-28T09:04:04+00:00\",\"dateModified\":\"2024-04-11T04:01:40+00:00\",\"description\":\"Ch\u01b0\u01a1ng tr\u00ecnh Qu\u1ed1c t\u1ebf\u00a0 b\u1eaft \u0111\u1ea7u t\u1eeb l\u1ee9a tu\u1ed5i M\u1eabu gi\u00e1o nh\u1ee1 t\u1edbi M\u1eabu gi\u00e1o l\u1edbn v\u00e0 \u0111\u01b0\u1ee3c gi\u1ea3ng d\u1ea1y b\u1edfi\u00a0 gi\u00e1o vi\u00ean qu\u1ed1c t\u1ebf c\u00f3 tr\u00ecnh \u0111\u1ed9 chuy\u00ean m\u00f4n v\u00e0 m\u1ed9t gi\u00e1o vi\u00ean tr\u1ee3 gi\u1ea3ng\",\"breadcrumb\":{\"@id\":\"https:\/\/thanglongacademy.edu.vn\/?page_id=1941#breadcrumb\"},\"inLanguage\":\"vi\",\"potentialAction\":[{\"@type\":\"ReadAction\",\"target\":[\"https:\/\/thanglongacademy.edu.vn\/?page_id=1941\"]}]},{\"@type\":\"BreadcrumbList\",\"@id\":\"https:\/\/thanglongacademy.edu.vn\/?page_id=1941#breadcrumb\",\"itemListElement\":[{\"@type\":\"ListItem\",\"position\":1,\"name\":\"Trang ch\u1ee7\",\"item\":\"https:\/\/thanglongacademy.edu.vn\/\"},{\"@type\":\"ListItem\",\"position\":2,\"name\":\"Ch\u01b0\u01a1ng tr\u00ecnh Qu\u1ed1c t\u1ebf\"}]},{\"@type\":\"WebSite\",\"@id\":\"https:\/\/thanglongacademy.edu.vn\/#website\",\"url\":\"https:\/\/thanglongacademy.edu.vn\/\",\"name\":\"thanglongacademy\",\"description\":\"\",\"potentialAction\":[{\"@type\":\"SearchAction\",\"target\":{\"@type\":\"EntryPoint\",\"urlTemplate\":\"https:\/\/thanglongacademy.edu.vn\/?s={search_term_string}\"},\"query-input\":\"required name=search_term_string\"}],\"inLanguage\":\"vi\"}]}<\/script>\n<!-- \/ Yoast SEO plugin. -->","yoast_head_json":{"title":"thanglongacademy","description":"Ch\u01b0\u01a1ng tr\u00ecnh Qu\u1ed1c t\u1ebf\u00a0 b\u1eaft \u0111\u1ea7u t\u1eeb l\u1ee9a tu\u1ed5i M\u1eabu gi\u00e1o nh\u1ee1 t\u1edbi M\u1eabu gi\u00e1o l\u1edbn v\u00e0 \u0111\u01b0\u1ee3c gi\u1ea3ng d\u1ea1y b\u1edfi\u00a0 gi\u00e1o vi\u00ean qu\u1ed1c t\u1ebf c\u00f3 tr\u00ecnh \u0111\u1ed9 chuy\u00ean m\u00f4n v\u00e0 m\u1ed9t gi\u00e1o vi\u00ean tr\u1ee3 gi\u1ea3ng","robots":{"index":"index","follow":"follow","max-snippet":"max-snippet:-1","max-image-preview":"max-image-preview:large","max-video-preview":"max-video-preview:-1"},"canonical":"https:\/\/thanglongacademy.edu.vn\/?page_id=1941","og_locale":"vi_VN","og_type":"article","og_title":"thanglongacademy","og_description":"Ch\u01b0\u01a1ng tr\u00ecnh Qu\u1ed1c t\u1ebf\u00a0 b\u1eaft \u0111\u1ea7u t\u1eeb l\u1ee9a tu\u1ed5i M\u1eabu gi\u00e1o nh\u1ee1 t\u1edbi M\u1eabu gi\u00e1o l\u1edbn v\u00e0 \u0111\u01b0\u1ee3c gi\u1ea3ng d\u1ea1y b\u1edfi\u00a0 gi\u00e1o vi\u00ean qu\u1ed1c t\u1ebf c\u00f3 tr\u00ecnh \u0111\u1ed9 chuy\u00ean m\u00f4n v\u00e0 m\u1ed9t gi\u00e1o vi\u00ean tr\u1ee3 gi\u1ea3ng","og_url":"https:\/\/thanglongacademy.edu.vn\/?page_id=1941","og_site_name":"thanglongacademy","article_modified_time":"2024-04-11T04:01:40+00:00","og_image":[{"url":"https:\/\/thanglongacademy.edu.vn\/wp-content\/uploads\/2023\/09\/DSCF0848-600x400.jpg"}],"twitter_card":"summary_large_image","twitter_misc":{"\u01af\u1edbc t\u00ednh th\u1eddi gian \u0111\u1ecdc":"4 ph\u00fat"},"schema":{"@context":"https:\/\/schema.org","@graph":[{"@type":"WebPage","@id":"https:\/\/thanglongacademy.edu.vn\/?page_id=1941","url":"https:\/\/thanglongacademy.edu.vn\/?page_id=1941","name":"thanglongacademy","isPartOf":{"@id":"https:\/\/thanglongacademy.edu.vn\/#website"},"datePublished":"2023-08-28T09:04:04+00:00","dateModified":"2024-04-11T04:01:40+00:00","description":"Ch\u01b0\u01a1ng tr\u00ecnh Qu\u1ed1c t\u1ebf\u00a0 b\u1eaft \u0111\u1ea7u t\u1eeb l\u1ee9a tu\u1ed5i M\u1eabu gi\u00e1o nh\u1ee1 t\u1edbi M\u1eabu gi\u00e1o l\u1edbn v\u00e0 \u0111\u01b0\u1ee3c gi\u1ea3ng d\u1ea1y b\u1edfi\u00a0 gi\u00e1o vi\u00ean qu\u1ed1c t\u1ebf c\u00f3 tr\u00ecnh \u0111\u1ed9 chuy\u00ean m\u00f4n v\u00e0 m\u1ed9t gi\u00e1o vi\u00ean tr\u1ee3 gi\u1ea3ng","breadcrumb":{"@id":"https:\/\/thanglongacademy.edu.vn\/?page_id=1941#breadcrumb"},"inLanguage":"vi","potentialAction":[{"@type":"ReadAction","target":["https:\/\/thanglongacademy.edu.vn\/?page_id=1941"]}]},{"@type":"BreadcrumbList","@id":"https:\/\/thanglongacademy.edu.vn\/?page_id=1941#breadcrumb","itemListElement":[{"@type":"ListItem","position":1,"name":"Trang ch\u1ee7","item":"https:\/\/thanglongacademy.edu.vn\/"},{"@type":"ListItem","position":2,"name":"Ch\u01b0\u01a1ng tr\u00ecnh Qu\u1ed1c t\u1ebf"}]},{"@type":"WebSite","@id":"https:\/\/thanglongacademy.edu.vn\/#website","url":"https:\/\/thanglongacademy.edu.vn\/","name":"thanglongacademy","description":"","potentialAction":[{"@type":"SearchAction","target":{"@type":"EntryPoint","urlTemplate":"https:\/\/thanglongacademy.edu.vn\/?s={search_term_string}"},"query-input":"required name=search_term_string"}],"inLanguage":"vi"}]}},"_links":{"self":[{"href":"https:\/\/thanglongacademy.edu.vn\/index.php?rest_route=\/wp\/v2\/pages\/1941"}],"collection":[{"href":"https:\/\/thanglongacademy.edu.vn\/index.php?rest_route=\/wp\/v2\/pages"}],"about":[{"href":"https:\/\/thanglongacademy.edu.vn\/index.php?rest_route=\/wp\/v2\/types\/page"}],"author":[{"embeddable":true,"href":"https:\/\/thanglongacademy.edu.vn\/index.php?rest_route=\/wp\/v2\/users\/1"}],"replies":[{"embeddable":true,"href":"https:\/\/thanglongacademy.edu.vn\/index.php?rest_route=%2Fwp%2Fv2%2Fcomments&post=1941"}],"version-history":[{"count":12,"href":"https:\/\/thanglongacademy.edu.vn\/index.php?rest_route=\/wp\/v2\/pages\/1941\/revisions"}],"predecessor-version":[{"id":3425,"href":"https:\/\/thanglongacademy.edu.vn\/index.php?rest_route=\/wp\/v2\/pages\/1941\/revisions\/3425"}],"wp:attachment":[{"href":"https:\/\/thanglongacademy.edu.vn\/index.php?rest_route=%2Fwp%2Fv2%2Fmedia&parent=1941"}],"curies":[{"name":"wp","href":"https:\/\/api.w.org\/{rel}","templated":true}]}}