{"id":1965,"date":"2023-08-29T08:49:52","date_gmt":"2023-08-29T08:49:52","guid":{"rendered":"https:\/\/luan.webrt.net\/thanglongacademy\/?page_id=1965"},"modified":"2024-07-16T09:20:26","modified_gmt":"2024-07-16T09:20:26","slug":"thong-tin-hoc-phi","status":"publish","type":"page","link":"https:\/\/thanglongacademy.edu.vn\/?page_id=1965","title":{"rendered":"Th\u00f4ng tin h\u1ecdc ph\u00ed"},"content":{"rendered":"\t<section class=\"section cn_01\" id=\"section_728260119\">\n\t\t<div class=\"bg section-bg fill bg-fill  bg-loaded\" >\n\n\t\t\t\n\t\t\t\n\t\t\t\n\n\t\t<\/div>\n\n\t\t\n\n\t\t<div class=\"section-content relative\">\n\t\t\t\n<div class=\"row row-small\"  id=\"row-1382864282\">\n\n\t<div id=\"col-637480625\" class=\"col medium-9 small-12 large-9\"  >\n\t\t\t\t<div class=\"col-inner\"  >\n\t\t\t\n\t\t\t\n<div class=\"box__nth_1\">\n<h1 class=\"heading_td\" style=\"text-align: left\">H\u1eccC PH\u00cd V\u00c0 PH\u00cd C\u1ed0 \u0110\u1ecaNH<\/h1>\n<\/div>\n<div class=\"boxx__content__single\">\n<div class=\"box__nth_2\">\n<p style=\"text-align: left\"><span style=\"font-family: arial, helvetica, sans-serif\">H\u1ecdc ph\u00ed t\u1ea1i h\u1ec7 th\u1ed1ng tr\u01b0\u1eddng m\u1ea7m non Th\u0103ng Long Academy \u0111\u1ed3ng b\u1ed9 gi\u1eefa c\u00e1c c\u01a1 s\u1edf. Bao g\u1ed3m:<\/span><\/p>\n<p><span style=\"font-size: 16px;font-family: arial, helvetica, sans-serif\"><strong>PH\u00cd NH\u1eacP H\u1eccC<\/strong><\/span><\/p>\n<table class=\" alignleft\" style=\"border-collapse: collapse;width: 77.8828%;height: 50px\">\n<tbody>\n<tr>\n<td style=\"width: 50%\"><span style=\"font-family: arial, helvetica, sans-serif;color: #993300\">H\u1ec7 song ng\u1eef \/ H\u1ec7 Infant care<\/span><\/td>\n<td style=\"width: 50%\"><span style=\"font-family: arial, helvetica, sans-serif;color: #993300\">5.000.000\u0111<\/span><\/td>\n<\/tr>\n<tr>\n<td style=\"width: 50%\"><span style=\"font-family: arial, helvetica, sans-serif;color: #993300\">H\u1ec7 b\u00e1n qu\u1ed1c t\u1ebf<\/span><\/td>\n<td style=\"width: 50%\"><span style=\"font-family: arial, helvetica, sans-serif;color: #993300\">10.000.000\u0111<\/span><\/td>\n<\/tr>\n<\/tbody>\n<\/table>\n<p style=\"text-align: left\"><span style=\"font-family: arial, helvetica, sans-serif\">Khi ph\u1ee5 huynh \u0111\u0103ng k\u00fd h\u1ecdc cho b\u00e9, s\u1ebd c\u1ea7n \u0111\u00f3ng ph\u00ed nh\u1eadp h\u1ecdc (\u0110\u0103ng k\u00fd ph\u00ed), ph\u00ed nh\u1eadp h\u1ecdc \u0111\u01b0\u1ee3c \u0111\u00f3ng 1 l\u1ea7n duy nh\u1ea5t khi b\u00e9 \u0111\u0103ng k\u00fd h\u1ecdc.<\/span><\/p>\n<p><span style=\"font-family: arial, helvetica, sans-serif;font-size: 16px\"><strong>PH\u00cd PH\u00c1T TRI\u1ec2N TR\u01af\u1edcNG<\/strong><\/span><\/p>\n<table class=\" alignleft\" style=\"border-collapse: collapse;width: 77.8828%;height: 42px\">\n<tbody>\n<tr style=\"height: 21px\">\n<td style=\"width: 50%;height: 21px\"><span style=\"font-family: arial, helvetica, sans-serif;color: #993300\">\u00a0T\u1ea5t c\u1ea3 c\u00e1c h\u1ec7 h\u1ecdc<\/span><\/td>\n<td style=\"width: 50%;height: 21px\"><span style=\"color: #993300;font-family: arial, helvetica, sans-serif\">3.600.000\u0111\/n\u0103m h\u1ecdc<\/span><\/td>\n<\/tr>\n<\/tbody>\n<\/table>\n<p style=\"text-align: left\"><span style=\"font-family: arial, helvetica, sans-serif\">Ph\u00ed ph\u00e1t tri\u1ec3n tr\u01b0\u1eddng \u0111\u01b0\u1ee3c \u0111\u00f3ng h\u00e0ng n\u0103m, v\u00e0o \u0111\u1ea7u n\u0103m h\u1ecdc m\u1edbi (\u0111\u1ea7u th\u00e1ng 7 h\u00e0ng n\u0103m). V\u1edbi c\u00e1c b\u1ea1n \u0111\u0103ng k\u00fd h\u1ecdc v\u00e0o gi\u1eefa n\u0103m h\u1ecdc, ph\u00ed ph\u00e1t tri\u1ec3n tr\u01b0\u1eddng s\u1ebd \u0111\u01b0\u1ee3c gi\u1ea3m tr\u1eeb c\u00e1c th\u00e1ng \u0111\u00e3 qua c\u1ee7a n\u0103m h\u1ecdc.<\/span><\/p>\n<p style=\"text-align: left\"><span style=\"font-family: arial, helvetica, sans-serif;font-size: 16px\"><strong>H\u1eccC PH\u00cd<\/strong><\/span><\/p>\n<table style=\"border-collapse: collapse;width: 100%;height: 106px\">\n<tbody>\n<tr style=\"height: 43px\">\n<td style=\"width: 20%;height: 43px;text-align: left\"><span style=\"font-family: arial, helvetica, sans-serif;color: #993300\">H\u1ecdc ph\u00ed 1 th\u00e1ng\u00a0<\/span><\/td>\n<td style=\"width: 20%;height: 43px;text-align: center\"><span style=\"font-family: arial, helvetica, sans-serif;color: #993300\">\u0110\u00f3ng theo k\u1ef3 3 th\u00e1ng (gi\u1ea3m tr\u1eeb 3%)<\/span><\/td>\n<td style=\"width: 20%;height: 43px;text-align: center\"><span style=\"font-family: arial, helvetica, sans-serif;color: #993300\">\u0110\u00f3ng theo k\u1ef3 6 th\u00e1ng (gi\u1ea3m tr\u1eeb 5%)<\/span><\/td>\n<td style=\"width: 20%;height: 43px;text-align: center\"><span style=\"font-family: arial, helvetica, sans-serif;color: #993300\">\u0110\u00f3ng theo k\u1ef3 12 th\u00e1ng (gi\u1ea3m tr\u1eeb 7%)<\/span><\/td>\n<td style=\"width: 20%;height: 43px;text-align: center\"><\/td>\n<\/tr>\n<tr style=\"height: 21px\">\n<td style=\"width: 20%;height: 21px;text-align: left\"><span style=\"font-family: arial, helvetica, sans-serif;color: #993300\">L\u1edbp Infant Care<\/span><\/p>\n<p><span style=\"font-family: arial, helvetica, sans-serif;color: #993300\">VND 7.500.000<\/span><\/td>\n<td style=\"width: 20%;height: 21px;text-align: center\"><span style=\"font-family: arial, helvetica, sans-serif;color: #993300\">VND<\/span><\/p>\n<p><span style=\"font-family: arial, helvetica, sans-serif;color: #993300\">21.825.000<\/span><\/td>\n<td style=\"width: 20%;height: 21px;text-align: center\"><span style=\"font-family: arial, helvetica, sans-serif;color: #993300\">VND<\/span><\/p>\n<p><span style=\"font-family: arial, helvetica, sans-serif;color: #993300\">42.750.000<\/span><\/td>\n<td style=\"width: 20%;height: 21px;text-align: center\"><span style=\"font-family: arial, helvetica, sans-serif;color: #993300\">VND<\/span><\/p>\n<p><span style=\"font-family: arial, helvetica, sans-serif;color: #993300\">83.700.000<\/span><\/td>\n<td style=\"width: 20%;height: 21px;text-align: center\"><\/td>\n<\/tr>\n<tr style=\"height: 21px\">\n<td style=\"width: 20%;height: 21px;text-align: left\"><span style=\"font-family: arial, helvetica, sans-serif;color: #993300\">H\u1ec7 song ng\u1eef<\/span><\/p>\n<p><span style=\"font-family: arial, helvetica, sans-serif;color: #993300\">VND 6.800.000<\/span><\/td>\n<td style=\"width: 20%;height: 21px;text-align: center\"><span style=\"font-family: arial, helvetica, sans-serif;color: #993300\">VND<\/span><\/p>\n<p><span style=\"font-family: arial, helvetica, sans-serif;color: #993300\">19.788.000<\/span><\/td>\n<td style=\"width: 20%;height: 21px;text-align: center\"><span style=\"font-family: arial, helvetica, sans-serif;color: #993300\">VND<\/span><\/p>\n<p><span style=\"font-family: arial, helvetica, sans-serif;color: #993300\">38.760.000<\/span><\/td>\n<td style=\"width: 20%;height: 21px;text-align: center\"><span style=\"font-family: arial, helvetica, sans-serif;color: #993300\">VND<\/span><\/p>\n<p><span style=\"font-family: arial, helvetica, sans-serif;color: #993300\">75.888.000<\/span><\/td>\n<td style=\"width: 20%;height: 21px;text-align: center\"><\/td>\n<\/tr>\n<tr style=\"height: 21px\">\n<td style=\"width: 20%;height: 21px;text-align: left\"><span style=\"font-family: arial, helvetica, sans-serif;color: #993300\">H\u1ec7 Qu\u1ed1c t\u1ebf<\/span><\/p>\n<p><span style=\"font-family: arial, helvetica, sans-serif;color: #993300\">VND 13.600.000<\/span><\/td>\n<td style=\"width: 20%;height: 21px;text-align: center\"><span style=\"font-family: arial, helvetica, sans-serif;color: #993300\">VND<\/span><\/p>\n<p><span style=\"font-family: arial, helvetica, sans-serif;color: #993300\">39.576.000<\/span><\/td>\n<td style=\"width: 20%;height: 21px;text-align: center\"><span style=\"font-family: arial, helvetica, sans-serif;color: #993300\">VND<\/span><\/p>\n<p><span style=\"font-family: arial, helvetica, sans-serif;color: #993300\">77.520.000<\/span><\/td>\n<td style=\"width: 20%;height: 21px;text-align: center\">\n<p style=\"text-align: center\"><span style=\"font-family: arial, helvetica, sans-serif;color: #993300\">VND<\/span><\/p>\n<p style=\"text-align: center\"><span style=\"font-family: arial, helvetica, sans-serif;color: #993300\">151.776.000<\/span><\/p>\n<\/td>\n<td style=\"width: 20%;height: 21px;text-align: center\"><\/td>\n<\/tr>\n<\/tbody>\n<\/table>\n<p><span style=\"font-family: arial, helvetica, sans-serif\">Ph\u1ee5 huynh v\u00e0 gia \u0111\u00ecnh c\u00f3 th\u1ec3 l\u1ef1a ch\u1ecdn \u0111\u00f3ng h\u1ecdc ph\u00ed v\u00e0 ti\u1ec1n \u0103n theo c\u00e1c k\u00ec 3 th\u00e1ng\/ 6 th\u00e1ng\/ 12 th\u00e1ng t\u01b0\u01a1ng \u1ee9ng v\u1edbi c\u00e1c m\u1ee9c gi\u1ea3m tr\u1eeb tr\u00ean bi\u1ec3u ph\u00ed.\u00a0<\/span><\/p>\n<p>&nbsp;<\/p>\n<\/div>\n<p><span style=\"font-family: arial, helvetica, sans-serif\"><strong><span style=\"font-size: 16px\">D\u1ecaCH V\u1ee4 \u0102N B\u00c1N TR\u00da\u00a0<\/span><\/strong><\/span><\/p>\n<p>Nh\u00e0 tr\u01b0\u1eddng cung c\u1ea5p d\u1ecbch v\u1ee5 \u0103n b\u00e1n tr\u00fa v\u1edbi m\u1ee9c ph\u00ed nh\u01b0 sau:<\/p>\n<table style=\"border-collapse: collapse;width: 100%\">\n<tbody>\n<tr>\n<td style=\"width: 20%;text-align: left\"><span style=\"color: #993300;font-family: arial, helvetica, sans-serif\">Ti\u1ec1n \u0103n 1 th\u00e1ng<\/span><\/td>\n<td style=\"width: 20%;text-align: center\"><\/td>\n<td style=\"width: 20%;text-align: center\"><span style=\"color: #993300;font-family: arial, helvetica, sans-serif\">\u0110\u00f3ng theo k\u1ef3 3 th\u00e1ng<\/span><\/p>\n<p><span style=\"color: #993300;font-family: arial, helvetica, sans-serif\">(gi\u1ea3m tr\u1eeb 3%)<\/span><\/td>\n<td style=\"width: 20%;text-align: center\"><span style=\"color: #993300;font-family: arial, helvetica, sans-serif\">\u0110\u00f3ng theo k\u1ef3 6 th\u00e1ng<\/span><\/p>\n<p><span style=\"color: #993300;font-family: arial, helvetica, sans-serif\">(gi\u1ea3m tr\u1eeb 5%)<\/span><\/td>\n<td style=\"width: 20%;text-align: center\"><span style=\"color: #993300;font-family: arial, helvetica, sans-serif\">\u0110\u00f3ng theo k\u1ef3 12 th\u00e1ng<\/span><\/p>\n<p><span style=\"color: #993300;font-family: arial, helvetica, sans-serif\">(gi\u1ea3m tr\u1eeb 7%)<\/span><\/td>\n<\/tr>\n<tr>\n<td style=\"width: 20%;text-align: left\"><span style=\"color: #993300;font-family: arial, helvetica, sans-serif\">VND<\/span><\/p>\n<p><span style=\"color: #993300;font-family: arial, helvetica, sans-serif\">1.400.000<\/span><\/td>\n<td style=\"width: 20%;text-align: center\"><\/td>\n<td style=\"width: 20%;text-align: center\"><span style=\"color: #993300;font-family: arial, helvetica, sans-serif\">VND<\/span><\/p>\n<p><span style=\"color: #993300;font-family: arial, helvetica, sans-serif\">4.074.000<\/span><\/td>\n<td style=\"width: 20%;text-align: center\"><span style=\"color: #993300;font-family: arial, helvetica, sans-serif\">VND<\/span><\/p>\n<p><span style=\"color: #993300;font-family: arial, helvetica, sans-serif\">7.980.000<\/span><\/td>\n<td style=\"width: 20%;text-align: center\"><span style=\"color: #993300;font-family: arial, helvetica, sans-serif\">VND<\/span><\/p>\n<p><span style=\"color: #993300;font-family: arial, helvetica, sans-serif\">15.624.000<\/span><\/td>\n<\/tr>\n<\/tbody>\n<\/table>\n<\/div>\n<h1 class=\"heading_td\" style=\"text-align: left\"><span style=\"color: #000000;font-family: arial, helvetica, sans-serif\">C\u00c1C LO\u1ea0I PH\u00cd T\u1ef0 CH\u1eccN<\/span><\/h1>\n<p><span style=\"font-family: arial, helvetica, sans-serif;font-size: 16px\"><strong>PH\u00cd D\u1ecaCH V\u1ee4 \u0110\u01afA \u0110\u00d3N<\/strong><\/span><\/p>\n<p><span style=\"font-family: arial, helvetica, sans-serif\">Nh\u00e0 tr\u01b0\u1eddng cung c\u1ea5p d\u1ecbch v\u1ee5 xe bus \u0111\u00f3n tr\u1ea3 tr\u1ebb t\u1ea1i \u0111i\u1ec3m v\u00e0 t\u1ea1i nh\u00e0, bao g\u1ed3m nh\u00e2n vi\u00ean nh\u00e0 tr\u01b0\u1eddng tr\u1ef1c ti\u1ebfp \u0111\u00f3n tr\u1ea3 tr\u1ebb t\u1ea1i xe. \u0110\u1ed1i v\u1edbi d\u1ecbch v\u1ee5 xe \u0111\u01b0a \u0111\u00f3n, nh\u00e0 tr\u01b0\u1eddng t\u1ed5 ch\u1ee9c v\u1edbi m\u1ee5c ti\u00eau t\u0103ng ti\u1ec7n \u00edch ph\u1ee5c v\u1ee5 h\u1ecdc sinh, kh\u00f4ng nh\u1eb1m m\u1ee5c \u0111\u00edch kinh doanh.<\/span><\/p>\n<table style=\"border-collapse: collapse;width: 100%\">\n<tbody>\n<tr>\n<td style=\"width: 33.3333%\"><span style=\"color: #993300;font-family: arial, helvetica, sans-serif\">V\u00f9ng \u0111\u01b0a \u0111\u00f3n<\/span><\/td>\n<td style=\"width: 33.3333%;text-align: center\"><span style=\"color: #993300;font-family: arial, helvetica, sans-serif\">M\u1ed9t chi\u1ec1u<\/span><\/td>\n<td style=\"width: 33.3333%;text-align: center\"><span style=\"color: #993300;font-family: arial, helvetica, sans-serif\">Hai chi\u1ec1u<\/span><\/td>\n<\/tr>\n<tr>\n<td style=\"width: 33.3333%\"><span style=\"color: #993300;font-family: arial, helvetica, sans-serif\">V\u00f9ng 1<\/span><br \/>\n<span style=\"color: #993300;font-family: arial, helvetica, sans-serif\">D\u01b0\u1edbi 4km<\/span><\/td>\n<td style=\"width: 33.3333%;text-align: center\"><span style=\"color: #993300;font-family: arial, helvetica, sans-serif\">VND<\/span><\/p>\n<p><span style=\"color: #993300;font-family: arial, helvetica, sans-serif\">1.100.000\/ th\u00e1ng<\/span><\/td>\n<td style=\"width: 33.3333%;text-align: center\"><span style=\"color: #993300;font-family: arial, helvetica, sans-serif\">VND<\/span><\/p>\n<p><span style=\"color: #993300;font-family: arial, helvetica, sans-serif\">1.600.000\/ th\u00e1ng<\/span><\/td>\n<\/tr>\n<tr>\n<td style=\"width: 33.3333%\"><span style=\"color: #993300;font-family: arial, helvetica, sans-serif\">V\u00f9ng 2<\/span><\/p>\n<p><span style=\"color: #993300;font-family: arial, helvetica, sans-serif\">T\u1eeb 4km tr\u1edf l\u00ean<\/span><\/td>\n<td style=\"width: 33.3333%;text-align: center\"><span style=\"color: #993300;font-family: arial, helvetica, sans-serif\">VND<\/span><\/p>\n<p><span style=\"color: #993300;font-family: arial, helvetica, sans-serif\">1.300.000\/ th\u00e1ng<\/span><\/td>\n<td style=\"width: 33.3333%;text-align: center\"><span style=\"color: #993300;font-family: arial, helvetica, sans-serif\">VND<\/span><\/p>\n<p><span style=\"color: #993300;font-family: arial, helvetica, sans-serif\">2.000.000\/ th\u00e1ng<\/span><\/td>\n<\/tr>\n<\/tbody>\n<\/table>\n<p><span style=\"font-family: arial, helvetica, sans-serif\">M\u1ee9c ph\u00ed d\u1ecbch v\u1ee5 \u0111\u01b0a \u0111\u00f3n \u0111\u01b0\u1ee3c x\u00e1c \u0111\u1ecbnh d\u1ef1a tr\u00ean chi ph\u00ed th\u1ef1c t\u1ebf v\u1eadn h\u00e0nh h\u1ec7 th\u1ed1ng xe bus tr\u01b0\u1eddng h\u1ecdc<\/span><\/p>\n<p><span style=\"font-family: arial, helvetica, sans-serif\">Khi ph\u1ee5 huynh c\u00f3 nhu c\u1ea7u s\u1eed d\u1ee5ng d\u1ecbch v\u1ee5 xe bus, xin vui l\u00f2ng \u0111\u0103ng k\u00ed v\u1edbi v\u0103n ph\u00f2ng t\u1ea1i c\u00e1c c\u01a1 s\u1edf Th\u0103ng Long Academy, v\u0103n ph\u00f2ng nh\u00e0 tr\u01b0\u1eddng s\u1ebd ki\u1ec3m tra, kh\u1ea3o s\u00e1t v\u00e0 th\u00f4ng b\u00e1o chi ti\u1ebft l\u1ecbch tr\u00ecnh v\u00e0 th\u1eddi gian \u0111\u00f3n tr\u1ea3 d\u1ef1a tr\u00ean t\u00ecnh h\u00ecnh th\u1ef1c t\u1ebf t\u1edbi gia \u0111\u00ecnh<\/span><\/p>\n<p><span style=\"font-family: arial, helvetica, sans-serif;font-size: 16px\"><strong>D\u1ecaCH V\u1ee4 TR\u00d4NG MU\u1ed8N<\/strong><\/span><\/p>\n<p><span style=\"font-family: arial, helvetica, sans-serif\">Nh\u1eb1m t\u1ea1o \u0111i\u1ec1u ki\u1ec7n cho c\u00e1c gia \u0111\u00ecnh c\u00f3 nhu c\u1ea7u g\u1eedi con \u1edf l\u1ea1i tr\u01b0\u1eddng sau gi\u1edd h\u1ecdc, nh\u00e0 tr\u01b0\u1eddng cung c\u1ea5p d\u1ecbch v\u1ee5 tr\u00f4ng mu\u1ed9n v\u1edbi c\u00e1c quy \u0111\u1ecbnh sau:<\/span><\/p>\n<ul>\n<li><span style=\"font-family: arial, helvetica, sans-serif\">D\u1ecbch v\u1ee5 tr\u00f4ng mu\u1ed9n c\u00f3 s\u1ef1 gi\u00e1m s\u00e1t c\u1ee7a th\u1ea7y c\u00f4 gi\u00e1o<\/span><\/li>\n<li><span style=\"font-family: arial, helvetica, sans-serif\">Gia \u0111\u00ecnh c\u00f3 nhu c\u1ea7u c\u1ea7n \u0111\u0103ng k\u00ed d\u1ecbch v\u1ee5 v\u1edbi v\u0103n ph\u00f2ng nh\u00e0 tr\u01b0\u1eddng<\/span><\/li>\n<li><span style=\"font-family: arial, helvetica, sans-serif\">GI\u1edd tr\u00f4ng mu\u1ed9n \u0111\u01b0\u1ee3c t\u00ednh t\u1eeb 17h00 tr\u1edf \u0111i. Ph\u00ed tr\u00f4ng mu\u1ed9n \u0111\u01b0\u1ee3c t\u00ednh t\u1eeb 17h30 tr\u1edf \u0111i<\/span><\/li>\n<li><span style=\"font-family: arial, helvetica, sans-serif\">H\u1ebft gi\u1edd h\u1ecdc, c\u00e1c c\u00f4 gi\u00e1o \u0111\u01b0a h\u1ecdc sinh t\u1edbi ph\u00f2ng tr\u00f4ng tr\u1ea3 mu\u1ed9n c\u00f3 s\u1ef1 gi\u00e1m s\u00e1t c\u1ee7a th\u1ea7y c\u00f4 gi\u00e1o ph\u1ee5 tr\u00e1ch l\u1edbp tr\u00f4ng tr\u1ea3 mu\u1ed9n<\/span><\/li>\n<li><span style=\"font-family: arial, helvetica, sans-serif\">H\u1ecdc sinh \u0111\u01b0\u1ee3c tham gia c\u00e1c ho\u1ea1t \u0111\u1ed9ng nh\u1eb9 nh\u01b0 \u0111\u1ecdc s\u00e1ch, h\u01b0\u1edbng d\u1eabn l\u00e0m \u0111\u1ed3 ch\u01a1i, l\u00e0m b\u00e0i t\u1eadp t\u1ea1i ch\u1ed7<\/span><\/li>\n<\/ul>\n<table style=\"border-collapse: collapse;width: 100%\">\n<tbody>\n<tr>\n<td style=\"width: 50%\"><span style=\"color: #993300;font-family: arial, helvetica, sans-serif\">\u0110\u0103ng k\u00fd theo th\u00e1ng<\/span><\/td>\n<td style=\"width: 50%\"><span style=\"color: #993300;font-family: arial, helvetica, sans-serif\">VND 800.000 \/ th\u00e1ng<\/span><\/td>\n<\/tr>\n<tr>\n<td style=\"width: 50%\"><span style=\"color: #993300;font-family: arial, helvetica, sans-serif\">T\u1eeb 17h30 &#8211; 18h30<\/span><\/td>\n<td style=\"width: 50%\"><span style=\"color: #993300;font-family: arial, helvetica, sans-serif\">VND 50.000 \/ ng\u00e0y<\/span><\/td>\n<\/tr>\n<tr>\n<td style=\"width: 50%\"><span style=\"color: #993300;font-family: arial, helvetica, sans-serif\">T\u1eeb 18h30<\/span><\/td>\n<td style=\"width: 50%\"><span style=\"color: #993300;font-family: arial, helvetica, sans-serif\">VND 100.000 \/ 30 ph\u00fat<\/span><\/td>\n<\/tr>\n<\/tbody>\n<\/table>\n<p><span style=\"color: #d83131;font-family: arial, helvetica, sans-serif\"><strong>Qu\u00fd ph\u1ee5 huynh l\u01b0u \u00fd: Nh\u00e0 tr\u01b0\u1eddng kh\u00f4ng khuy\u1ebfn kh\u00edch gia \u0111\u00ecnh g\u1eedi con \u1edf l\u1ea1i tr\u01b0\u1eddng qu\u00e1 mu\u1ed9n<\/strong><\/span><\/p>\n\t\t<\/div>\n\t\t\t\t\t<\/div>\n\n\t\n\n\t<div id=\"col-1660931293\" class=\"col medium-3 small-12 large-3\"  >\n\t\t\t\t<div class=\"col-inner\"  >\n\t\t\t\n\t\t\t\n<ul class=\"sidebar-wrapper ul-reset\"><li id=\"nav_menu-9\" class=\"widget widget_nav_menu\"><h2 class=\"widgettitle\">Tuy\u1ec3n Sinh<\/h2>\n<div class=\"menu-tuyen-sinh-container\"><ul id=\"menu-tuyen-sinh\" class=\"menu\"><li id=\"menu-item-1968\" class=\"menu-item menu-item-type-post_type menu-item-object-page menu-item-1968\"><a href=\"https:\/\/thanglongacademy.edu.vn\/?page_id=1965\">Th\u00f4ng tin h\u1ecdc ph\u00ed<\/a><\/li>\n<li id=\"menu-item-2149\" class=\"menu-item menu-item-type-post_type menu-item-object-page menu-item-2149\"><a href=\"https:\/\/thanglongacademy.edu.vn\/?page_id=2139\">L\u1ecbch n\u0103m h\u1ecdc<\/a><\/li>\n<li id=\"menu-item-1914\" class=\"menu-item menu-item-type-post_type menu-item-object-page menu-item-1914\"><a href=\"https:\/\/thanglongacademy.edu.vn\/?page_id=1402\">\u0110\u0103ng k\u00fd \u2013 \u01afu \u0111\u00e3i<\/a><\/li>\n<\/ul><\/div><\/li><\/ul>\n\t\t<\/div>\n\t\t\t\t\t<\/div>\n\n\t\n<\/div>\n\t\t<\/div>\n\n\t\t\n<style>\n#section_728260119 {\n  padding-top: 30px;\n  padding-bottom: 30px;\n}\n#section_728260119 .ux-shape-divider--top svg {\n  height: 150px;\n  --divider-top-width: 100%;\n}\n#section_728260119 .ux-shape-divider--bottom svg {\n  height: 150px;\n  --divider-width: 100%;\n}\n<\/style>\n\t<\/section>\n\t\n","protected":false},"excerpt":{"rendered":"","protected":false},"author":1,"featured_media":0,"parent":0,"menu_order":0,"comment_status":"closed","ping_status":"closed","template":"page-blank.php","meta":{"footnotes":""},"yoast_head":"<!-- This site is optimized with the Yoast SEO plugin v21.2 - https:\/\/yoast.com\/wordpress\/plugins\/seo\/ -->\n<title>thanglongacademy<\/title>\n<meta name=\"robots\" content=\"index, follow, max-snippet:-1, max-image-preview:large, max-video-preview:-1\" \/>\n<link rel=\"canonical\" href=\"https:\/\/thanglongacademy.edu.vn\/?page_id=1965\" \/>\n<meta property=\"og:locale\" content=\"vi_VN\" \/>\n<meta property=\"og:type\" content=\"article\" \/>\n<meta property=\"og:title\" content=\"thanglongacademy\" \/>\n<meta property=\"og:url\" content=\"https:\/\/thanglongacademy.edu.vn\/?page_id=1965\" \/>\n<meta property=\"og:site_name\" content=\"thanglongacademy\" \/>\n<meta property=\"article:modified_time\" content=\"2024-07-16T09:20:26+00:00\" \/>\n<meta name=\"twitter:card\" content=\"summary_large_image\" \/>\n<meta name=\"twitter:label1\" content=\"\u01af\u1edbc t\u00ednh th\u1eddi gian \u0111\u1ecdc\" \/>\n\t<meta name=\"twitter:data1\" content=\"4 ph\u00fat\" \/>\n<script type=\"application\/ld+json\" class=\"yoast-schema-graph\">{\"@context\":\"https:\/\/schema.org\",\"@graph\":[{\"@type\":\"WebPage\",\"@id\":\"https:\/\/thanglongacademy.edu.vn\/?page_id=1965\",\"url\":\"https:\/\/thanglongacademy.edu.vn\/?page_id=1965\",\"name\":\"thanglongacademy\",\"isPartOf\":{\"@id\":\"https:\/\/thanglongacademy.edu.vn\/#website\"},\"datePublished\":\"2023-08-29T08:49:52+00:00\",\"dateModified\":\"2024-07-16T09:20:26+00:00\",\"breadcrumb\":{\"@id\":\"https:\/\/thanglongacademy.edu.vn\/?page_id=1965#breadcrumb\"},\"inLanguage\":\"vi\",\"potentialAction\":[{\"@type\":\"ReadAction\",\"target\":[\"https:\/\/thanglongacademy.edu.vn\/?page_id=1965\"]}]},{\"@type\":\"BreadcrumbList\",\"@id\":\"https:\/\/thanglongacademy.edu.vn\/?page_id=1965#breadcrumb\",\"itemListElement\":[{\"@type\":\"ListItem\",\"position\":1,\"name\":\"Trang ch\u1ee7\",\"item\":\"https:\/\/thanglongacademy.edu.vn\/\"},{\"@type\":\"ListItem\",\"position\":2,\"name\":\"Th\u00f4ng tin h\u1ecdc ph\u00ed\"}]},{\"@type\":\"WebSite\",\"@id\":\"https:\/\/thanglongacademy.edu.vn\/#website\",\"url\":\"https:\/\/thanglongacademy.edu.vn\/\",\"name\":\"thanglongacademy\",\"description\":\"\",\"potentialAction\":[{\"@type\":\"SearchAction\",\"target\":{\"@type\":\"EntryPoint\",\"urlTemplate\":\"https:\/\/thanglongacademy.edu.vn\/?s={search_term_string}\"},\"query-input\":\"required name=search_term_string\"}],\"inLanguage\":\"vi\"}]}<\/script>\n<!-- \/ Yoast SEO plugin. -->","yoast_head_json":{"title":"thanglongacademy","robots":{"index":"index","follow":"follow","max-snippet":"max-snippet:-1","max-image-preview":"max-image-preview:large","max-video-preview":"max-video-preview:-1"},"canonical":"https:\/\/thanglongacademy.edu.vn\/?page_id=1965","og_locale":"vi_VN","og_type":"article","og_title":"thanglongacademy","og_url":"https:\/\/thanglongacademy.edu.vn\/?page_id=1965","og_site_name":"thanglongacademy","article_modified_time":"2024-07-16T09:20:26+00:00","twitter_card":"summary_large_image","twitter_misc":{"\u01af\u1edbc t\u00ednh th\u1eddi gian \u0111\u1ecdc":"4 ph\u00fat"},"schema":{"@context":"https:\/\/schema.org","@graph":[{"@type":"WebPage","@id":"https:\/\/thanglongacademy.edu.vn\/?page_id=1965","url":"https:\/\/thanglongacademy.edu.vn\/?page_id=1965","name":"thanglongacademy","isPartOf":{"@id":"https:\/\/thanglongacademy.edu.vn\/#website"},"datePublished":"2023-08-29T08:49:52+00:00","dateModified":"2024-07-16T09:20:26+00:00","breadcrumb":{"@id":"https:\/\/thanglongacademy.edu.vn\/?page_id=1965#breadcrumb"},"inLanguage":"vi","potentialAction":[{"@type":"ReadAction","target":["https:\/\/thanglongacademy.edu.vn\/?page_id=1965"]}]},{"@type":"BreadcrumbList","@id":"https:\/\/thanglongacademy.edu.vn\/?page_id=1965#breadcrumb","itemListElement":[{"@type":"ListItem","position":1,"name":"Trang ch\u1ee7","item":"https:\/\/thanglongacademy.edu.vn\/"},{"@type":"ListItem","position":2,"name":"Th\u00f4ng tin h\u1ecdc ph\u00ed"}]},{"@type":"WebSite","@id":"https:\/\/thanglongacademy.edu.vn\/#website","url":"https:\/\/thanglongacademy.edu.vn\/","name":"thanglongacademy","description":"","potentialAction":[{"@type":"SearchAction","target":{"@type":"EntryPoint","urlTemplate":"https:\/\/thanglongacademy.edu.vn\/?s={search_term_string}"},"query-input":"required name=search_term_string"}],"inLanguage":"vi"}]}},"_links":{"self":[{"href":"https:\/\/thanglongacademy.edu.vn\/index.php?rest_route=\/wp\/v2\/pages\/1965"}],"collection":[{"href":"https:\/\/thanglongacademy.edu.vn\/index.php?rest_route=\/wp\/v2\/pages"}],"about":[{"href":"https:\/\/thanglongacademy.edu.vn\/index.php?rest_route=\/wp\/v2\/types\/page"}],"author":[{"embeddable":true,"href":"https:\/\/thanglongacademy.edu.vn\/index.php?rest_route=\/wp\/v2\/users\/1"}],"replies":[{"embeddable":true,"href":"https:\/\/thanglongacademy.edu.vn\/index.php?rest_route=%2Fwp%2Fv2%2Fcomments&post=1965"}],"version-history":[{"count":12,"href":"https:\/\/thanglongacademy.edu.vn\/index.php?rest_route=\/wp\/v2\/pages\/1965\/revisions"}],"predecessor-version":[{"id":3612,"href":"https:\/\/thanglongacademy.edu.vn\/index.php?rest_route=\/wp\/v2\/pages\/1965\/revisions\/3612"}],"wp:attachment":[{"href":"https:\/\/thanglongacademy.edu.vn\/index.php?rest_route=%2Fwp%2Fv2%2Fmedia&parent=1965"}],"curies":[{"name":"wp","href":"https:\/\/api.w.org\/{rel}","templated":true}]}}